{"id":187,"date":"2018-05-04T07:25:35","date_gmt":"2018-05-04T06:25:35","guid":{"rendered":"http:\/\/tsav.be\/tsav\/?page_id=187"},"modified":"2018-05-24T18:41:54","modified_gmt":"2018-05-24T17:41:54","slug":"vie-privee-rgpd","status":"publish","type":"page","link":"http:\/\/tsav.be\/tsav\/?page_id=187","title":{"rendered":"Vie Priv\u00e9e \/ RGPD"},"content":{"rendered":"<p><strong>Le RGPD, c&rsquo;est quoi ?<\/strong><\/p>\n<p>Le RGPD est le R\u00e8glement G\u00e9n\u00e9ral sur la Protection des Donn\u00e9es. Ce r\u00e8glement a pour objectif d\u2019\u00e9tablir des r\u00e8gles relatives \u00e0 la protection des personnes physiques \u00e0 l&rsquo;\u00e9gard du traitement des donn\u00e9es \u00e0 caract\u00e8re personnel et d\u2019\u00e9tablir des r\u00e8gles relatives \u00e0 la libre circulation de ces donn\u00e9es.<\/p>\n<p><strong>Qui doit respecter cette l\u00e9gislation ?<\/strong><\/p>\n<p>La RGPD s\u2019applique de la m\u00eame mani\u00e8re dans le secteur public et dans le secteur priv\u00e9 et cette l\u00e9gislation vaut aussi bien pour les grandes entreprises que pour les PME traitant ou utilisant des donn\u00e9es caract\u00e8re personnel.<\/p>\n<p><strong>Comment TSAV traite vos donn\u00e9es ?<\/strong><\/p>\n<p>TSAV ne r\u00e9colte aucune donn\u00e9es \u00e0 partir de son site web, nous ne proposons pas d&rsquo;abonnement de type Newsletter, pas de formulaire de contact, &#8230;<\/p>\n<p>Si vous \u00eates client de notre soci\u00e9t\u00e9 et que vous d\u00e9sirez conna\u00eetre la fa\u00e7on dont vos donn\u00e9es sont trait\u00e9es au sein de notre soci\u00e9t\u00e9, vous pouvez en faire la demande par mail \u00e0 <a href=\"mailto:privacy@tsav.be\">privacy@tsav.be<\/a><\/p>\n","protected":false},"excerpt":{"rendered":"<p>Le RGPD, c&rsquo;est quoi ? Le RGPD est le R\u00e8glement G\u00e9n\u00e9ral sur la Protection des Donn\u00e9es. Ce r\u00e8glement a pour objectif d\u2019\u00e9tablir des r\u00e8gles relatives \u00e0 la protection des personnes physiques \u00e0 l&rsquo;\u00e9gard du traitement des donn\u00e9es \u00e0 caract\u00e8re personnel et d\u2019\u00e9tablir des r\u00e8gles relatives \u00e0 la libre circulation de ces donn\u00e9es. Qui doit respecter [&hellip;]<\/p>\n","protected":false},"author":1,"featured_media":191,"parent":0,"menu_order":14,"comment_status":"closed","ping_status":"closed","template":"temp-one-column-page.php","meta":{"jetpack_post_was_ever_published":false,"footnotes":""},"jetpack_sharing_enabled":true,"jetpack_shortlink":"https:\/\/wp.me\/P71uTn-31","jetpack-related-posts":[{"id":183,"url":"http:\/\/tsav.be\/tsav\/?page_id=183","url_meta":{"origin":187,"position":0},"title":"Politique de cookie","author":"admin","date":"6 f\u00e9vrier 2018","format":false,"excerpt":"Ce site utilise des cookies - de petits fichiers texte qui sont plac\u00e9s sur votre machine pour aider le site \u00e0 fournir une meilleure exp\u00e9rience utilisateur. En g\u00e9n\u00e9ral, les cookies sont utilis\u00e9s pour conserver les pr\u00e9f\u00e9rences de l'utilisateur, stocker des informations pour des choses comme les paniers d'achat et fournir\u2026","rel":"","context":"Article similaire","block_context":{"text":"Article similaire","link":""},"img":{"alt_text":"","src":"","width":0,"height":0},"classes":[]},{"id":113,"url":"http:\/\/tsav.be\/tsav\/","url_meta":{"origin":187,"position":1},"title":"TSAV sprl, une \u00e9quipe de sp\u00e9cialistes pour la s\u00e9curisation de vos biens et donn\u00e9es.","author":"admin","date":"7 d\u00e9cembre 2015","format":false,"excerpt":"Cr\u00e9\u00e9e en 2007, la soci\u00e9t\u00e9 TSAV sprl vous propose toute une gamme de produits et services en S\u00e9curit\u00e9, Informatique, Gestion de sites et v\u00e9hicules. Une \u00e9quipe professionnelle et dynamique pr\u00eate \u00e0 r\u00e9pondre \u00e0 vos demandes. Suivez-nous sur Facebook !!!","rel":"","context":"Article similaire","block_context":{"text":"Article similaire","link":""},"img":{"alt_text":"","src":"https:\/\/i0.wp.com\/tsav.be\/tsav\/wp-content\/uploads\/2015\/11\/Logo01.jpg?fit=1200%2C375&resize=350%2C200","width":350,"height":200,"srcset":"https:\/\/i0.wp.com\/tsav.be\/tsav\/wp-content\/uploads\/2015\/11\/Logo01.jpg?fit=1200%2C375&resize=350%2C200 1x, https:\/\/i0.wp.com\/tsav.be\/tsav\/wp-content\/uploads\/2015\/11\/Logo01.jpg?fit=1200%2C375&resize=525%2C300 1.5x, https:\/\/i0.wp.com\/tsav.be\/tsav\/wp-content\/uploads\/2015\/11\/Logo01.jpg?fit=1200%2C375&resize=700%2C400 2x, https:\/\/i0.wp.com\/tsav.be\/tsav\/wp-content\/uploads\/2015\/11\/Logo01.jpg?fit=1200%2C375&resize=1050%2C600 3x"},"classes":[]},{"id":128,"url":"http:\/\/tsav.be\/tsav\/?page_id=128","url_meta":{"origin":187,"position":2},"title":"Suivi de vos v\u00e9hicules","author":"admin","date":"7 d\u00e9cembre 2015","format":false,"excerpt":"Comment g\u00e9rer efficacement votre flotte de v\u00e9hicules, planifier les interventions\u00a0de vos \u00e9quipes itin\u00e9rantes, suivre en temps r\u00e9el vos containers et autres objets mobiles\u00a0? \u00a0 Une solution de g\u00e9olocalisation et de suivi en temps r\u00e9el de vos \u00e9quipes, v\u00e9hicules et actifs mobiles pour r\u00e9pondre \u00e0 vos besoins. \u00a0 Nos partenaires :\u2026","rel":"","context":"Article similaire","block_context":{"text":"Article similaire","link":""},"img":{"alt_text":"","src":"https:\/\/i0.wp.com\/tsav.be\/tsav\/wp-content\/uploads\/2015\/12\/securysat.png?fit=1200%2C654&resize=350%2C200","width":350,"height":200,"srcset":"https:\/\/i0.wp.com\/tsav.be\/tsav\/wp-content\/uploads\/2015\/12\/securysat.png?fit=1200%2C654&resize=350%2C200 1x, https:\/\/i0.wp.com\/tsav.be\/tsav\/wp-content\/uploads\/2015\/12\/securysat.png?fit=1200%2C654&resize=525%2C300 1.5x, https:\/\/i0.wp.com\/tsav.be\/tsav\/wp-content\/uploads\/2015\/12\/securysat.png?fit=1200%2C654&resize=700%2C400 2x, https:\/\/i0.wp.com\/tsav.be\/tsav\/wp-content\/uploads\/2015\/12\/securysat.png?fit=1200%2C654&resize=1050%2C600 3x"},"classes":[]},{"id":49,"url":"http:\/\/tsav.be\/tsav\/?page_id=49","url_meta":{"origin":187,"position":3},"title":"D\u00e9tection incendie","author":"admin","date":"26 novembre 2015","format":false,"excerpt":"La protection incendie de votre habitation, entreprise, ... est une obligation l\u00e9gale, alors pourquoi ne pas la confier \u00e0 des sp\u00e9cialistes ! Nos partenaires : Limotec Bentel Security Notifier ...","rel":"","context":"Article similaire","block_context":{"text":"Article similaire","link":""},"img":{"alt_text":"","src":"https:\/\/i0.wp.com\/tsav.be\/tsav\/wp-content\/uploads\/2015\/11\/Incendie.jpg?fit=1200%2C335&resize=350%2C200","width":350,"height":200,"srcset":"https:\/\/i0.wp.com\/tsav.be\/tsav\/wp-content\/uploads\/2015\/11\/Incendie.jpg?fit=1200%2C335&resize=350%2C200 1x, https:\/\/i0.wp.com\/tsav.be\/tsav\/wp-content\/uploads\/2015\/11\/Incendie.jpg?fit=1200%2C335&resize=525%2C300 1.5x, https:\/\/i0.wp.com\/tsav.be\/tsav\/wp-content\/uploads\/2015\/11\/Incendie.jpg?fit=1200%2C335&resize=700%2C400 2x, https:\/\/i0.wp.com\/tsav.be\/tsav\/wp-content\/uploads\/2015\/11\/Incendie.jpg?fit=1200%2C335&resize=1050%2C600 3x"},"classes":[]},{"id":53,"url":"http:\/\/tsav.be\/tsav\/?page_id=53","url_meta":{"origin":187,"position":4},"title":"Vid\u00e9o surveillance","author":"admin","date":"26 novembre 2015","format":false,"excerpt":"Vous souhaitez prot\u00e9ger votre habitation ou votre entreprise ? Une seule adresse TSAV sprl, demandez votre devis gratuit ! Surveillez vos biens \u00a0\u00e0 n'importe quel moment et de n'importe o\u00f9 ! Nos partenaires : Dahua HikVision Avigilon Mirasys Mobotix Vivotek ...","rel":"","context":"Article similaire","block_context":{"text":"Article similaire","link":""},"img":{"alt_text":"","src":"https:\/\/i0.wp.com\/tsav.be\/tsav\/wp-content\/uploads\/2015\/11\/cctv2.jpg?fit=1200%2C423&resize=350%2C200","width":350,"height":200,"srcset":"https:\/\/i0.wp.com\/tsav.be\/tsav\/wp-content\/uploads\/2015\/11\/cctv2.jpg?fit=1200%2C423&resize=350%2C200 1x, https:\/\/i0.wp.com\/tsav.be\/tsav\/wp-content\/uploads\/2015\/11\/cctv2.jpg?fit=1200%2C423&resize=525%2C300 1.5x, https:\/\/i0.wp.com\/tsav.be\/tsav\/wp-content\/uploads\/2015\/11\/cctv2.jpg?fit=1200%2C423&resize=700%2C400 2x, https:\/\/i0.wp.com\/tsav.be\/tsav\/wp-content\/uploads\/2015\/11\/cctv2.jpg?fit=1200%2C423&resize=1050%2C600 3x"},"classes":[]},{"id":35,"url":"http:\/\/tsav.be\/tsav\/?page_id=35","url_meta":{"origin":187,"position":5},"title":"Produits &#038; Services","author":"admin","date":"25 novembre 2015","format":false,"excerpt":"TSAV sprl vous proposent une large gamme de produits et services tel que : Alarme intrusion, Contr\u00f4le d'acc\u00e8s, D\u00e9tection incendie, Vid\u00e9o surveillance, Informatique, Gestion d'acc\u00e8s de v\u00e9hicules, Suivi de vos v\u00e9hicules, Gestion de carburant, Motorisation de portail, Portail Industriel,","rel":"","context":"Article similaire","block_context":{"text":"Article similaire","link":""},"img":{"alt_text":"","src":"https:\/\/i0.wp.com\/tsav.be\/tsav\/wp-content\/uploads\/2015\/11\/ProduitsServices.jpg?fit=1200%2C375&resize=350%2C200","width":350,"height":200,"srcset":"https:\/\/i0.wp.com\/tsav.be\/tsav\/wp-content\/uploads\/2015\/11\/ProduitsServices.jpg?fit=1200%2C375&resize=350%2C200 1x, https:\/\/i0.wp.com\/tsav.be\/tsav\/wp-content\/uploads\/2015\/11\/ProduitsServices.jpg?fit=1200%2C375&resize=525%2C300 1.5x, https:\/\/i0.wp.com\/tsav.be\/tsav\/wp-content\/uploads\/2015\/11\/ProduitsServices.jpg?fit=1200%2C375&resize=700%2C400 2x, https:\/\/i0.wp.com\/tsav.be\/tsav\/wp-content\/uploads\/2015\/11\/ProduitsServices.jpg?fit=1200%2C375&resize=1050%2C600 3x"},"classes":[]}],"_links":{"self":[{"href":"http:\/\/tsav.be\/tsav\/index.php?rest_route=\/wp\/v2\/pages\/187"}],"collection":[{"href":"http:\/\/tsav.be\/tsav\/index.php?rest_route=\/wp\/v2\/pages"}],"about":[{"href":"http:\/\/tsav.be\/tsav\/index.php?rest_route=\/wp\/v2\/types\/page"}],"author":[{"embeddable":true,"href":"http:\/\/tsav.be\/tsav\/index.php?rest_route=\/wp\/v2\/users\/1"}],"replies":[{"embeddable":true,"href":"http:\/\/tsav.be\/tsav\/index.php?rest_route=%2Fwp%2Fv2%2Fcomments&post=187"}],"version-history":[{"count":10,"href":"http:\/\/tsav.be\/tsav\/index.php?rest_route=\/wp\/v2\/pages\/187\/revisions"}],"predecessor-version":[{"id":202,"href":"http:\/\/tsav.be\/tsav\/index.php?rest_route=\/wp\/v2\/pages\/187\/revisions\/202"}],"wp:featuredmedia":[{"embeddable":true,"href":"http:\/\/tsav.be\/tsav\/index.php?rest_route=\/wp\/v2\/media\/191"}],"wp:attachment":[{"href":"http:\/\/tsav.be\/tsav\/index.php?rest_route=%2Fwp%2Fv2%2Fmedia&parent=187"}],"curies":[{"name":"wp","href":"https:\/\/api.w.org\/{rel}","templated":true}]}}