{"id":55,"date":"2015-11-26T15:54:53","date_gmt":"2015-11-26T14:54:53","guid":{"rendered":"http:\/\/tsav.be\/tsav\/?page_id=55"},"modified":"2017-08-16T17:43:27","modified_gmt":"2017-08-16T16:43:27","slug":"informatique","status":"publish","type":"page","link":"http:\/\/tsav.be\/tsav\/?page_id=55","title":{"rendered":"Informatique"},"content":{"rendered":"<p>Plus de 20 ans d&rsquo;exp\u00e9rience dans le monde de l&rsquo;IT ! De la maintenance \u00e0 l&rsquo;installation, nous vous proposons toute une gamme de services :<\/p>\n<ul>\n<li>Vente de produits informatiques (PC, Portables, Imprimantes, Accessoires r\u00e9seaux, &#8230;)<\/li>\n<li>Gestion de votre parc\u00a0informatique,<\/li>\n<li>Firewall<\/li>\n<li>Installation &amp; Configuration de serveur,<\/li>\n<li>Virtualisation,<\/li>\n<li>R\u00e9seau WiFi Unifi\u00e9 (Ecole, H\u00f4tel, &#8230;)<\/li>\n<li>C\u00e2blage xTP et Fibre optique,<\/li>\n<li>Sauvegarde sur site et site distant,<\/li>\n<li>Cloud,<\/li>\n<li>Office 365,<\/li>\n<li>Formations sur mesure,<\/li>\n<li>&#8230;<\/li>\n<\/ul>\n<p>Nos partenaires :<\/p>\n<ul>\n<li>HP &amp; HP Enterprise<\/li>\n<li>DLink<\/li>\n<li>Linksys<\/li>\n<li>Fortigate<\/li>\n<li>Acer<\/li>\n<li>MSI<\/li>\n<li>Samsung<\/li>\n<li>Lenovo<\/li>\n<li>Microsoft<\/li>\n<li>Acronis<\/li>\n<li>ESET<\/li>\n<li>Sophos<\/li>\n<li>Synology<\/li>\n<li>Ubiquiti<\/li>\n<li>&#8230;<\/li>\n<\/ul>\n","protected":false},"excerpt":{"rendered":"<p>Plus de 20 ans d&rsquo;exp\u00e9rience dans le monde de l&rsquo;IT ! De la maintenance \u00e0 l&rsquo;installation, nous vous proposons toute une gamme de services : Vente de produits informatiques (PC, Portables, Imprimantes, Accessoires r\u00e9seaux, &#8230;) Gestion de votre parc\u00a0informatique, Firewall Installation &amp; Configuration de serveur, Virtualisation, R\u00e9seau WiFi Unifi\u00e9 (Ecole, H\u00f4tel, &#8230;) C\u00e2blage xTP et [&hellip;]<\/p>\n","protected":false},"author":1,"featured_media":82,"parent":0,"menu_order":0,"comment_status":"closed","ping_status":"closed","template":"temp-one-column-page.php","meta":{"jetpack_post_was_ever_published":false,"footnotes":""},"jetpack_sharing_enabled":true,"jetpack_shortlink":"https:\/\/wp.me\/P71uTn-T","jetpack-related-posts":[{"id":113,"url":"http:\/\/tsav.be\/tsav\/","url_meta":{"origin":55,"position":0},"title":"TSAV sprl, une \u00e9quipe de sp\u00e9cialistes pour la s\u00e9curisation de vos biens et donn\u00e9es.","author":"admin","date":"7 d\u00e9cembre 2015","format":false,"excerpt":"Cr\u00e9\u00e9e en 2007, la soci\u00e9t\u00e9 TSAV sprl vous propose toute une gamme de produits et services en S\u00e9curit\u00e9, Informatique, Gestion de sites et v\u00e9hicules. Une \u00e9quipe professionnelle et dynamique pr\u00eate \u00e0 r\u00e9pondre \u00e0 vos demandes. Suivez-nous sur Facebook !!!","rel":"","context":"Article similaire","block_context":{"text":"Article similaire","link":""},"img":{"alt_text":"","src":"https:\/\/i0.wp.com\/tsav.be\/tsav\/wp-content\/uploads\/2015\/11\/Logo01.jpg?fit=1200%2C375&resize=350%2C200","width":350,"height":200,"srcset":"https:\/\/i0.wp.com\/tsav.be\/tsav\/wp-content\/uploads\/2015\/11\/Logo01.jpg?fit=1200%2C375&resize=350%2C200 1x, https:\/\/i0.wp.com\/tsav.be\/tsav\/wp-content\/uploads\/2015\/11\/Logo01.jpg?fit=1200%2C375&resize=525%2C300 1.5x, https:\/\/i0.wp.com\/tsav.be\/tsav\/wp-content\/uploads\/2015\/11\/Logo01.jpg?fit=1200%2C375&resize=700%2C400 2x, https:\/\/i0.wp.com\/tsav.be\/tsav\/wp-content\/uploads\/2015\/11\/Logo01.jpg?fit=1200%2C375&resize=1050%2C600 3x"},"classes":[]},{"id":35,"url":"http:\/\/tsav.be\/tsav\/?page_id=35","url_meta":{"origin":55,"position":1},"title":"Produits &#038; Services","author":"admin","date":"25 novembre 2015","format":false,"excerpt":"TSAV sprl vous proposent une large gamme de produits et services tel que : Alarme intrusion, Contr\u00f4le d'acc\u00e8s, D\u00e9tection incendie, Vid\u00e9o surveillance, Informatique, Gestion d'acc\u00e8s de v\u00e9hicules, Suivi de vos v\u00e9hicules, Gestion de carburant, Motorisation de portail, Portail Industriel,","rel":"","context":"Article similaire","block_context":{"text":"Article similaire","link":""},"img":{"alt_text":"","src":"https:\/\/i0.wp.com\/tsav.be\/tsav\/wp-content\/uploads\/2015\/11\/ProduitsServices.jpg?fit=1200%2C375&resize=350%2C200","width":350,"height":200,"srcset":"https:\/\/i0.wp.com\/tsav.be\/tsav\/wp-content\/uploads\/2015\/11\/ProduitsServices.jpg?fit=1200%2C375&resize=350%2C200 1x, https:\/\/i0.wp.com\/tsav.be\/tsav\/wp-content\/uploads\/2015\/11\/ProduitsServices.jpg?fit=1200%2C375&resize=525%2C300 1.5x, https:\/\/i0.wp.com\/tsav.be\/tsav\/wp-content\/uploads\/2015\/11\/ProduitsServices.jpg?fit=1200%2C375&resize=700%2C400 2x, https:\/\/i0.wp.com\/tsav.be\/tsav\/wp-content\/uploads\/2015\/11\/ProduitsServices.jpg?fit=1200%2C375&resize=1050%2C600 3x"},"classes":[]},{"id":183,"url":"http:\/\/tsav.be\/tsav\/?page_id=183","url_meta":{"origin":55,"position":2},"title":"Politique de cookie","author":"admin","date":"6 f\u00e9vrier 2018","format":false,"excerpt":"Ce site utilise des cookies - de petits fichiers texte qui sont plac\u00e9s sur votre machine pour aider le site \u00e0 fournir une meilleure exp\u00e9rience utilisateur. En g\u00e9n\u00e9ral, les cookies sont utilis\u00e9s pour conserver les pr\u00e9f\u00e9rences de l'utilisateur, stocker des informations pour des choses comme les paniers d'achat et fournir\u2026","rel":"","context":"Article similaire","block_context":{"text":"Article similaire","link":""},"img":{"alt_text":"","src":"","width":0,"height":0},"classes":[]},{"id":187,"url":"http:\/\/tsav.be\/tsav\/?page_id=187","url_meta":{"origin":55,"position":3},"title":"Vie Priv\u00e9e \/ RGPD","author":"admin","date":"4 mai 2018","format":false,"excerpt":"Le RGPD, c'est quoi ? Le RGPD est le R\u00e8glement G\u00e9n\u00e9ral sur la Protection des Donn\u00e9es. Ce r\u00e8glement a pour objectif d\u2019\u00e9tablir des r\u00e8gles relatives \u00e0 la protection des personnes physiques \u00e0 l'\u00e9gard du traitement des donn\u00e9es \u00e0 caract\u00e8re personnel et d\u2019\u00e9tablir des r\u00e8gles relatives \u00e0 la libre circulation de\u2026","rel":"","context":"Article similaire","block_context":{"text":"Article similaire","link":""},"img":{"alt_text":"","src":"https:\/\/i0.wp.com\/tsav.be\/tsav\/wp-content\/uploads\/2018\/05\/rgpd.jpg?fit=960%2C640&resize=350%2C200","width":350,"height":200,"srcset":"https:\/\/i0.wp.com\/tsav.be\/tsav\/wp-content\/uploads\/2018\/05\/rgpd.jpg?fit=960%2C640&resize=350%2C200 1x, https:\/\/i0.wp.com\/tsav.be\/tsav\/wp-content\/uploads\/2018\/05\/rgpd.jpg?fit=960%2C640&resize=525%2C300 1.5x, https:\/\/i0.wp.com\/tsav.be\/tsav\/wp-content\/uploads\/2018\/05\/rgpd.jpg?fit=960%2C640&resize=700%2C400 2x"},"classes":[]},{"id":128,"url":"http:\/\/tsav.be\/tsav\/?page_id=128","url_meta":{"origin":55,"position":4},"title":"Suivi de vos v\u00e9hicules","author":"admin","date":"7 d\u00e9cembre 2015","format":false,"excerpt":"Comment g\u00e9rer efficacement votre flotte de v\u00e9hicules, planifier les interventions\u00a0de vos \u00e9quipes itin\u00e9rantes, suivre en temps r\u00e9el vos containers et autres objets mobiles\u00a0? \u00a0 Une solution de g\u00e9olocalisation et de suivi en temps r\u00e9el de vos \u00e9quipes, v\u00e9hicules et actifs mobiles pour r\u00e9pondre \u00e0 vos besoins. \u00a0 Nos partenaires :\u2026","rel":"","context":"Article similaire","block_context":{"text":"Article similaire","link":""},"img":{"alt_text":"","src":"https:\/\/i0.wp.com\/tsav.be\/tsav\/wp-content\/uploads\/2015\/12\/securysat.png?fit=1200%2C654&resize=350%2C200","width":350,"height":200,"srcset":"https:\/\/i0.wp.com\/tsav.be\/tsav\/wp-content\/uploads\/2015\/12\/securysat.png?fit=1200%2C654&resize=350%2C200 1x, https:\/\/i0.wp.com\/tsav.be\/tsav\/wp-content\/uploads\/2015\/12\/securysat.png?fit=1200%2C654&resize=525%2C300 1.5x, https:\/\/i0.wp.com\/tsav.be\/tsav\/wp-content\/uploads\/2015\/12\/securysat.png?fit=1200%2C654&resize=700%2C400 2x, https:\/\/i0.wp.com\/tsav.be\/tsav\/wp-content\/uploads\/2015\/12\/securysat.png?fit=1200%2C654&resize=1050%2C600 3x"},"classes":[]},{"id":132,"url":"http:\/\/tsav.be\/tsav\/?page_id=132","url_meta":{"origin":55,"position":5},"title":"Gestion de carburant","author":"admin","date":"7 d\u00e9cembre 2015","format":false,"excerpt":"G\u00e9rer en interne la distribution et le ravitaillement de votre flotte de v\u00e9hicules, disposer de rapports complets et pr\u00e9cis afin de pouvoir contr\u00f4ler au mieux la consommation de votre flotte !","rel":"","context":"Article similaire","block_context":{"text":"Article similaire","link":""},"img":{"alt_text":"","src":"https:\/\/i0.wp.com\/tsav.be\/tsav\/wp-content\/uploads\/2015\/12\/Pompes.jpg?fit=620%2C350&resize=350%2C200","width":350,"height":200,"srcset":"https:\/\/i0.wp.com\/tsav.be\/tsav\/wp-content\/uploads\/2015\/12\/Pompes.jpg?fit=620%2C350&resize=350%2C200 1x, https:\/\/i0.wp.com\/tsav.be\/tsav\/wp-content\/uploads\/2015\/12\/Pompes.jpg?fit=620%2C350&resize=525%2C300 1.5x"},"classes":[]}],"_links":{"self":[{"href":"http:\/\/tsav.be\/tsav\/index.php?rest_route=\/wp\/v2\/pages\/55"}],"collection":[{"href":"http:\/\/tsav.be\/tsav\/index.php?rest_route=\/wp\/v2\/pages"}],"about":[{"href":"http:\/\/tsav.be\/tsav\/index.php?rest_route=\/wp\/v2\/types\/page"}],"author":[{"embeddable":true,"href":"http:\/\/tsav.be\/tsav\/index.php?rest_route=\/wp\/v2\/users\/1"}],"replies":[{"embeddable":true,"href":"http:\/\/tsav.be\/tsav\/index.php?rest_route=%2Fwp%2Fv2%2Fcomments&post=55"}],"version-history":[{"count":9,"href":"http:\/\/tsav.be\/tsav\/index.php?rest_route=\/wp\/v2\/pages\/55\/revisions"}],"predecessor-version":[{"id":177,"href":"http:\/\/tsav.be\/tsav\/index.php?rest_route=\/wp\/v2\/pages\/55\/revisions\/177"}],"wp:featuredmedia":[{"embeddable":true,"href":"http:\/\/tsav.be\/tsav\/index.php?rest_route=\/wp\/v2\/media\/82"}],"wp:attachment":[{"href":"http:\/\/tsav.be\/tsav\/index.php?rest_route=%2Fwp%2Fv2%2Fmedia&parent=55"}],"curies":[{"name":"wp","href":"https:\/\/api.w.org\/{rel}","templated":true}]}}